{"id":273,"date":"2023-09-27T09:15:43","date_gmt":"2023-09-27T09:15:43","guid":{"rendered":"https:\/\/presseportal24.de\/?page_id=273"},"modified":"2023-10-21T19:37:30","modified_gmt":"2023-10-21T19:37:30","slug":"about","status":"publish","type":"page","link":"https:\/\/presseportal24.de\/?page_id=273","title":{"rendered":"Unternehmen"},"content":{"rendered":"\n<p>Das Portal presseportal24.de ist Bestandteil des internationalen Business-Netzwerks BusinessLister.<\/p>\n\n\n\n<p>BusinessLister bietet mehr als 100 internationale B2C und B2B Portale in einem einzigartigen Netzwerk. Alle Inhalte werden redaktionell gepr\u00fcft und unterliegen strengsten Qualit\u00e4tskriterien.<\/p>\n\n\n\n<p>\u00dcber BusinessLister erreichen Sie als Unternehmen t\u00e4glich mehr als 180.000 Besucher in den unterschiedlichsten Branchen und Industrien. Profitieren Sie von maximaler Reichweite und buchen Sie heute noch Ihren Unternehmenseintrag auf <a href=\"https:\/\/www.businesslister.info\" data-type=\"link\" data-id=\"https:\/\/www.businesslister.info\">BusinessLister<\/a>!<\/p>\n\n\n\n<p>Die Schwesterplattform DIGITAL BUSINESS NAVIGATOR ist dar\u00fcber hinaus das ideale <a href=\"https:\/\/www.digital-business-navigator.com\" data-type=\"link\" data-id=\"https:\/\/www.digital-business-navigator.com\">Digitalstrategie-Tool<\/a> und die ideale <a href=\"https:\/\/www.digital-business-navigator.com\" data-type=\"link\" data-id=\"https:\/\/www.digital-business-navigator.com\">Digital-Transformation-Software<\/a> f\u00fcr kleine und mittlere Unternehmen.<\/p>\n","protected":false},"excerpt":{"rendered":"<p>Das Portal presseportal24.de ist Bestandteil des internationalen Business-Netzwerks BusinessLister. BusinessLister bietet mehr als 100 internationale B2C und B2B Portale in einem einzigartigen Netzwerk. Alle Inhalte werden redaktionell gepr\u00fcft und unterliegen strengsten Qualit\u00e4tskriterien. \u00dcber BusinessLister erreichen Sie als Unternehmen t\u00e4glich mehr als 180.000 Besucher in den unterschiedlichsten Branchen und Industrien. Profitieren Sie von maximaler Reichweite und [&hellip;]<\/p>\n","protected":false},"author":1,"featured_media":0,"parent":0,"menu_order":0,"comment_status":"closed","ping_status":"closed","template":"","meta":{"footnotes":""},"class_list":["post-273","page","type-page","status-publish","hentry"],"_links":{"self":[{"href":"https:\/\/presseportal24.de\/index.php?rest_route=\/wp\/v2\/pages\/273","targetHints":{"allow":["GET"]}}],"collection":[{"href":"https:\/\/presseportal24.de\/index.php?rest_route=\/wp\/v2\/pages"}],"about":[{"href":"https:\/\/presseportal24.de\/index.php?rest_route=\/wp\/v2\/types\/page"}],"author":[{"embeddable":true,"href":"https:\/\/presseportal24.de\/index.php?rest_route=\/wp\/v2\/users\/1"}],"replies":[{"embeddable":true,"href":"https:\/\/presseportal24.de\/index.php?rest_route=%2Fwp%2Fv2%2Fcomments&post=273"}],"version-history":[{"count":2,"href":"https:\/\/presseportal24.de\/index.php?rest_route=\/wp\/v2\/pages\/273\/revisions"}],"predecessor-version":[{"id":542,"href":"https:\/\/presseportal24.de\/index.php?rest_route=\/wp\/v2\/pages\/273\/revisions\/542"}],"wp:attachment":[{"href":"https:\/\/presseportal24.de\/index.php?rest_route=%2Fwp%2Fv2%2Fmedia&parent=273"}],"curies":[{"name":"wp","href":"https:\/\/api.w.org\/{rel}","templated":true}]}}